{"id":4398,"date":"2017-12-17T10:06:43","date_gmt":"2017-12-17T10:06:43","guid":{"rendered":"https:\/\/www.rozvozmedu.cz\/?page_id=4398"},"modified":"2024-03-01T00:12:01","modified_gmt":"2024-03-01T00:12:01","slug":"o-nas","status":"publish","type":"page","link":"https:\/\/www.rozvozmedu.cz\/?page_id=4398","title":{"rendered":"O n\u00e1s"},"content":{"rendered":"\t\t<div data-elementor-type=\"wp-post\" data-elementor-id=\"4398\" class=\"elementor elementor-4398\">\n\t\t\t\t\t\t<section class=\"elementor-section elementor-top-section elementor-element elementor-element-8c39fce elementor-section-content-middle elementor-section-boxed elementor-section-height-default elementor-section-height-default\" data-id=\"8c39fce\" data-element_type=\"section\" data-settings=\"{&quot;background_background&quot;:&quot;classic&quot;}\">\n\t\t\t\t\t\t\t<div class=\"elementor-background-overlay\"><\/div>\n\t\t\t\t\t\t\t<div class=\"elementor-container elementor-column-gap-no\">\n\t\t\t\t\t<div class=\"elementor-column elementor-col-100 elementor-top-column elementor-element elementor-element-b1952b1\" data-id=\"b1952b1\" data-element_type=\"column\">\n\t\t\t<div class=\"elementor-widget-wrap elementor-element-populated\">\n\t\t\t\t\t\t<div class=\"elementor-element elementor-element-03b93f0 elementor-widget elementor-widget-heading\" data-id=\"03b93f0\" data-element_type=\"widget\" data-widget_type=\"heading.default\">\n\t\t\t\t<div class=\"elementor-widget-container\">\n\t\t\t\t\t<h1 class=\"elementor-heading-title elementor-size-default\">O n\u00e1s<\/h1>\t\t\t\t<\/div>\n\t\t\t\t<\/div>\n\t\t\t\t\t<\/div>\n\t\t<\/div>\n\t\t\t\t\t<\/div>\n\t\t<\/section>\n\t\t<div class=\"elementor-element elementor-element-03cf779 e-flex e-con-boxed e-con e-parent\" data-id=\"03cf779\" data-element_type=\"container\">\n\t\t\t\t\t<div class=\"e-con-inner\">\n\t\t<div class=\"elementor-element elementor-element-939525d e-con-full e-flex e-con e-child\" data-id=\"939525d\" data-element_type=\"container\">\n\t\t\t\t<div class=\"elementor-element elementor-element-184cf37 elementor-widget elementor-widget-text-editor\" data-id=\"184cf37\" data-element_type=\"widget\" data-widget_type=\"text-editor.default\">\n\t\t\t\t<div class=\"elementor-widget-container\">\n\t\t\t\t\t\t\t\t\t<h3 style=\"font-style: normal;\" data-elementor-setting-key=\"title_text\" data-elementor-inline-editing-toolbar=\"none\" data-pen-placeholder=\"Pi\u0161te zde...\">Kdo jsme<\/h3><div><span style=\"white-space-collapse: preserve;\">Rodinn\u00e9 v\u010dela\u0159stv\u00ed Najman se zam\u011b\u0159uje na produkci kvalitn\u00edho medu a propolisu z \u010desk\u00fdch kv\u011btin a rostlin. V\u010dely jsou chov\u00e1ny v pe\u010dliv\u011b navr\u017een\u00fdch v\u010delstvech s modern\u00edmi technologiemi a velkou p\u00e9\u010d\u00ed o jejich zdrav\u00ed. Produkty jsou sb\u00edr\u00e1ny ru\u010dn\u011b a zpracov\u00e1ny podle tradi\u010dn\u00edch metod, aby si udr\u017eely sv\u00e9 p\u0159\u00edrodn\u00ed vlastnosti. Krom\u011b medu a propolisu nab\u00edzej\u00ed tak\u00e9 v\u00fdrobky jako jsou kosmetika, medovina a dal\u0161\u00ed produkty z v\u010del\u00edch dar\u016f. V\u010dela\u0159stv\u00ed Najman klade velk\u00fd d\u016fraz na udr\u017eitelnost a ekologii a sna\u017e\u00ed se minimalizovat sv\u016fj dopad na \u017eivotn\u00ed prost\u0159ed\u00ed. To zahrnuje nap\u0159\u00edklad vyu\u017e\u00edv\u00e1n\u00ed obnoviteln\u00fdch zdroj\u016f energie. Rodinn\u00e9 v\u010dela\u0159stv\u00ed Najman m\u00e1 dlouholetou tradici a je v\u00e1\u0161niv\u00fdm obh\u00e1jcem v\u010del a jejich role v p\u0159\u00edrod\u011b. Jejich produkty jsou obl\u00edben\u00e9 nejen v \u010cesk\u00e9 republice, ale i v zahrani\u010d\u00ed.<\/span><\/div>\t\t\t\t\t\t\t\t<\/div>\n\t\t\t\t<\/div>\n\t\t\t\t<\/div>\n\t\t<div class=\"elementor-element elementor-element-3857e9f e-con-full e-flex e-con e-child\" data-id=\"3857e9f\" data-element_type=\"container\">\n\t\t\t\t<div class=\"elementor-element elementor-element-514ff7f elementor-widget elementor-widget-image\" data-id=\"514ff7f\" data-element_type=\"widget\" data-widget_type=\"image.default\">\n\t\t\t\t<div class=\"elementor-widget-container\">\n\t\t\t\t\t\t\t\t\t\t\t\t\t\t\t<img decoding=\"async\" src=\"https:\/\/www.rozvozmedu.cz\/wp-content\/uploads\/elementor\/thumbs\/20200328_101614-qh5d7eqxmflpclqgaqanxz7nmqpanvl020yldmnbfk.jpg\" title=\"20200328_101614\" alt=\"20200328_101614\" loading=\"lazy\" \/>\t\t\t\t\t\t\t\t\t\t\t\t\t\t\t<\/div>\n\t\t\t\t<\/div>\n\t\t\t\t<\/div>\n\t\t\t\t\t<\/div>\n\t\t\t\t<\/div>\n\t\t\t\t<section class=\"elementor-section elementor-top-section elementor-element elementor-element-3a9b7e0 elementor-section-boxed elementor-section-height-default elementor-section-height-default\" data-id=\"3a9b7e0\" data-element_type=\"section\" data-settings=\"{&quot;background_background&quot;:&quot;classic&quot;}\">\n\t\t\t\t\t\t<div class=\"elementor-container elementor-column-gap-default\">\n\t\t\t\t\t<div class=\"elementor-column elementor-col-100 elementor-top-column elementor-element elementor-element-a053cfd\" data-id=\"a053cfd\" data-element_type=\"column\">\n\t\t\t<div class=\"elementor-widget-wrap elementor-element-populated\">\n\t\t\t\t\t\t<div class=\"elementor-element elementor-element-c5768f1 elementor-widget-divider--view-line elementor-widget elementor-widget-divider\" data-id=\"c5768f1\" data-element_type=\"widget\" data-widget_type=\"divider.default\">\n\t\t\t\t<div class=\"elementor-widget-container\">\n\t\t\t\t\t\t\t<div class=\"elementor-divider\">\n\t\t\t<span class=\"elementor-divider-separator\">\n\t\t\t\t\t\t<\/span>\n\t\t<\/div>\n\t\t\t\t\t\t<\/div>\n\t\t\t\t<\/div>\n\t\t\t\t<div class=\"elementor-element elementor-element-0cba6da elementor-widget elementor-widget-image-box\" data-id=\"0cba6da\" data-element_type=\"widget\" data-widget_type=\"image-box.default\">\n\t\t\t\t<div class=\"elementor-widget-container\">\n\t\t\t\t\t<div class=\"elementor-image-box-wrapper\"><div class=\"elementor-image-box-content\"><h3 class=\"elementor-image-box-title\">P\u00e1r slov o cest\u011b v na\u0161em v\u010dela\u0159stv\u00ed<\/h3><p class=\"elementor-image-box-description\"><br>N\u00e1\u0161 t\u00fdm se skl\u00e1d\u00e1 z p\u011bti zku\u0161en\u00fdch v\u010dela\u0159\u016f, kte\u0159\u00ed se s l\u00e1skou staraj\u00ed o Rodinn\u00e9 v\u010dela\u0159stv\u00ed Najman. N\u00e1\u0161 c\u00edl je nejen poskytovat kvalitn\u00ed med, ale tak\u00e9 se sna\u017e\u00edme chr\u00e1nit na\u0161e v\u010dely a p\u0159isp\u011bt k udr\u017eitelnosti \u017eivotn\u00edho prost\u0159ed\u00ed. Ka\u017ed\u00fd \u010dlen t\u00fdmu m\u00e1 svou specializaci a spole\u010dn\u011b pracujeme na tom, abychom zaji\u0161\u0165ovali zdrav\u00ed v\u010delstev, skl\u00edzeli vynikaj\u00edc\u00ed med a zajistili jeho produkci v souladu s p\u0159\u00edrodou. M\u00e1me osobn\u00ed vztah ke ka\u017ed\u00e9mu v\u010delstvu a v\u011b\u0159\u00edme, \u017ee na\u0161e p\u00e9\u010de a vztahy se v\u010delami se prom\u00edtaj\u00ed do kvality na\u0161ich produkt\u016f. Pokud hled\u00e1te kvalitn\u00ed med a zaj\u00edm\u00e1 V\u00e1s udr\u017eiteln\u00e9 v\u010dela\u0159stv\u00ed, Rodinn\u00e9 v\u010dela\u0159stv\u00ed Najman je pro V\u00e1s tou spr\u00e1vnou volbou!<\/p><\/div><\/div>\t\t\t\t<\/div>\n\t\t\t\t<\/div>\n\t\t\t\t<section class=\"elementor-section elementor-inner-section elementor-element elementor-element-c372f18 elementor-section-boxed elementor-section-height-default elementor-section-height-default\" data-id=\"c372f18\" data-element_type=\"section\">\n\t\t\t\t\t\t<div class=\"elementor-container elementor-column-gap-default\">\n\t\t\t\t\t<div class=\"elementor-column elementor-col-33 elementor-inner-column elementor-element elementor-element-42c0bf7\" data-id=\"42c0bf7\" data-element_type=\"column\">\n\t\t\t<div class=\"elementor-widget-wrap elementor-element-populated\">\n\t\t\t\t\t\t<div class=\"elementor-element elementor-element-80a54a9 elementor-position-top elementor-widget elementor-widget-image-box\" data-id=\"80a54a9\" data-element_type=\"widget\" data-widget_type=\"image-box.default\">\n\t\t\t\t<div class=\"elementor-widget-container\">\n\t\t\t\t\t<div class=\"elementor-image-box-wrapper\"><figure class=\"elementor-image-box-img\"><img fetchpriority=\"high\" decoding=\"async\" width=\"637\" height=\"721\" src=\"https:\/\/www.rozvozmedu.cz\/wp-content\/uploads\/2024\/03\/Majitel.webp\" class=\"attachment-full size-full wp-image-4679\" alt=\"\" srcset=\"https:\/\/www.rozvozmedu.cz\/wp-content\/uploads\/2024\/03\/Majitel.webp 637w, https:\/\/www.rozvozmedu.cz\/wp-content\/uploads\/2024\/03\/Majitel-265x300.webp 265w, https:\/\/www.rozvozmedu.cz\/wp-content\/uploads\/2024\/03\/Majitel-600x679.webp 600w\" sizes=\"(max-width: 637px) 100vw, 637px\" \/><\/figure><div class=\"elementor-image-box-content\"><h4 class=\"elementor-image-box-title\">Zakladatel a majitel<\/h4><p class=\"elementor-image-box-description\">Stanislav<\/p><\/div><\/div>\t\t\t\t<\/div>\n\t\t\t\t<\/div>\n\t\t\t\t\t<\/div>\n\t\t<\/div>\n\t\t\t\t<div class=\"elementor-column elementor-col-33 elementor-inner-column elementor-element elementor-element-f27bf2f\" data-id=\"f27bf2f\" data-element_type=\"column\">\n\t\t\t<div class=\"elementor-widget-wrap elementor-element-populated\">\n\t\t\t\t\t\t<div class=\"elementor-element elementor-element-41298ba elementor-position-top elementor-widget elementor-widget-image-box\" data-id=\"41298ba\" data-element_type=\"widget\" data-widget_type=\"image-box.default\">\n\t\t\t\t<div class=\"elementor-widget-container\">\n\t\t\t\t\t<div class=\"elementor-image-box-wrapper\"><figure class=\"elementor-image-box-img\"><img decoding=\"async\" width=\"484\" height=\"588\" src=\"https:\/\/www.rozvozmedu.cz\/wp-content\/uploads\/2023\/12\/katka.jpg\" class=\"attachment-full size-full wp-image-4521\" alt=\"\" srcset=\"https:\/\/www.rozvozmedu.cz\/wp-content\/uploads\/2023\/12\/katka.jpg 484w, https:\/\/www.rozvozmedu.cz\/wp-content\/uploads\/2023\/12\/katka-247x300.jpg 247w\" sizes=\"(max-width: 484px) 100vw, 484px\" \/><\/figure><div class=\"elementor-image-box-content\"><h4 class=\"elementor-image-box-title\">Kate\u0159ina<\/h4><p class=\"elementor-image-box-description\">Specializace na inseminaci v\u010del\u00edch matek <\/p><\/div><\/div>\t\t\t\t<\/div>\n\t\t\t\t<\/div>\n\t\t\t\t\t<\/div>\n\t\t<\/div>\n\t\t\t\t<div class=\"elementor-column elementor-col-33 elementor-inner-column elementor-element elementor-element-a2ce1ac\" data-id=\"a2ce1ac\" data-element_type=\"column\">\n\t\t\t<div class=\"elementor-widget-wrap elementor-element-populated\">\n\t\t\t\t\t\t<div class=\"elementor-element elementor-element-2dd0cc7 elementor-position-top elementor-widget elementor-widget-image-box\" data-id=\"2dd0cc7\" data-element_type=\"widget\" data-widget_type=\"image-box.default\">\n\t\t\t\t<div class=\"elementor-widget-container\">\n\t\t\t\t\t<div class=\"elementor-image-box-wrapper\"><figure class=\"elementor-image-box-img\"><img decoding=\"async\" width=\"512\" height=\"509\" src=\"https:\/\/www.rozvozmedu.cz\/wp-content\/uploads\/2023\/12\/marc.jpg\" class=\"attachment-full size-full wp-image-4526\" alt=\"\" srcset=\"https:\/\/www.rozvozmedu.cz\/wp-content\/uploads\/2023\/12\/marc.jpg 512w, https:\/\/www.rozvozmedu.cz\/wp-content\/uploads\/2023\/12\/marc-300x298.jpg 300w, https:\/\/www.rozvozmedu.cz\/wp-content\/uploads\/2023\/12\/marc-150x150.jpg 150w, https:\/\/www.rozvozmedu.cz\/wp-content\/uploads\/2023\/12\/marc-100x100.jpg 100w\" sizes=\"(max-width: 512px) 100vw, 512px\" \/><\/figure><div class=\"elementor-image-box-content\"><h4 class=\"elementor-image-box-title\">Marcela<\/h4><p class=\"elementor-image-box-description\">Specializace v\u010del\u00ed produkty<\/p><\/div><\/div>\t\t\t\t<\/div>\n\t\t\t\t<\/div>\n\t\t\t\t\t<\/div>\n\t\t<\/div>\n\t\t\t\t\t<\/div>\n\t\t<\/section>\n\t\t\t\t<section class=\"elementor-section elementor-inner-section elementor-element elementor-element-6c6be8a elementor-section-boxed elementor-section-height-default elementor-section-height-default\" data-id=\"6c6be8a\" data-element_type=\"section\">\n\t\t\t\t\t\t<div class=\"elementor-container elementor-column-gap-default\">\n\t\t\t\t\t<div class=\"elementor-column elementor-col-33 elementor-inner-column elementor-element elementor-element-8f6965d\" data-id=\"8f6965d\" data-element_type=\"column\">\n\t\t\t<div class=\"elementor-widget-wrap elementor-element-populated\">\n\t\t\t\t\t\t<div class=\"elementor-element elementor-element-283695e elementor-position-top elementor-widget elementor-widget-image-box\" data-id=\"283695e\" data-element_type=\"widget\" data-widget_type=\"image-box.default\">\n\t\t\t\t<div class=\"elementor-widget-container\">\n\t\t\t\t\t<div class=\"elementor-image-box-wrapper\"><figure class=\"elementor-image-box-img\"><img loading=\"lazy\" decoding=\"async\" width=\"1454\" height=\"1523\" src=\"https:\/\/www.rozvozmedu.cz\/wp-content\/uploads\/2023\/12\/IMG_20230610_112731-scaled-e1703253530635.jpg\" class=\"attachment-full size-full wp-image-4603\" alt=\"\" srcset=\"https:\/\/www.rozvozmedu.cz\/wp-content\/uploads\/2023\/12\/IMG_20230610_112731-scaled-e1703253530635.jpg 1454w, https:\/\/www.rozvozmedu.cz\/wp-content\/uploads\/2023\/12\/IMG_20230610_112731-scaled-e1703253530635-286x300.jpg 286w, https:\/\/www.rozvozmedu.cz\/wp-content\/uploads\/2023\/12\/IMG_20230610_112731-scaled-e1703253530635-978x1024.jpg 978w, https:\/\/www.rozvozmedu.cz\/wp-content\/uploads\/2023\/12\/IMG_20230610_112731-scaled-e1703253530635-768x804.jpg 768w, https:\/\/www.rozvozmedu.cz\/wp-content\/uploads\/2023\/12\/IMG_20230610_112731-scaled-e1703253530635-600x628.jpg 600w\" sizes=\"(max-width: 1454px) 100vw, 1454px\" \/><\/figure><div class=\"elementor-image-box-content\"><h4 class=\"elementor-image-box-title\">Michaela<\/h4><p class=\"elementor-image-box-description\">Specializace Api terapie<\/p><\/div><\/div>\t\t\t\t<\/div>\n\t\t\t\t<\/div>\n\t\t\t\t\t<\/div>\n\t\t<\/div>\n\t\t\t\t<div class=\"elementor-column elementor-col-33 elementor-inner-column elementor-element elementor-element-05fd0b1\" data-id=\"05fd0b1\" data-element_type=\"column\">\n\t\t\t<div class=\"elementor-widget-wrap elementor-element-populated\">\n\t\t\t\t\t\t<div class=\"elementor-element elementor-element-69976d0 elementor-position-top elementor-widget elementor-widget-image-box\" data-id=\"69976d0\" data-element_type=\"widget\" data-widget_type=\"image-box.default\">\n\t\t\t\t<div class=\"elementor-widget-container\">\n\t\t\t\t\t<div class=\"elementor-image-box-wrapper\"><figure class=\"elementor-image-box-img\"><img loading=\"lazy\" decoding=\"async\" width=\"747\" height=\"909\" src=\"https:\/\/www.rozvozmedu.cz\/wp-content\/uploads\/2023\/12\/martin.jpg\" class=\"attachment-full size-full wp-image-4529\" alt=\"\" srcset=\"https:\/\/www.rozvozmedu.cz\/wp-content\/uploads\/2023\/12\/martin.jpg 747w, https:\/\/www.rozvozmedu.cz\/wp-content\/uploads\/2023\/12\/martin-247x300.jpg 247w, https:\/\/www.rozvozmedu.cz\/wp-content\/uploads\/2023\/12\/martin-600x730.jpg 600w\" sizes=\"(max-width: 747px) 100vw, 747px\" \/><\/figure><div class=\"elementor-image-box-content\"><h4 class=\"elementor-image-box-title\">Martin<\/h4><p class=\"elementor-image-box-description\">Specializace v\u010del\u00ed produkty<\/p><\/div><\/div>\t\t\t\t<\/div>\n\t\t\t\t<\/div>\n\t\t\t\t\t<\/div>\n\t\t<\/div>\n\t\t\t\t<div class=\"elementor-column elementor-col-33 elementor-inner-column elementor-element elementor-element-38db727\" data-id=\"38db727\" data-element_type=\"column\">\n\t\t\t<div class=\"elementor-widget-wrap\">\n\t\t\t\t\t\t\t<\/div>\n\t\t<\/div>\n\t\t\t\t\t<\/div>\n\t\t<\/section>\n\t\t\t\t\t<\/div>\n\t\t<\/div>\n\t\t\t\t\t<\/div>\n\t\t<\/section>\n\t\t<div class=\"elementor-element elementor-element-474eb57 e-flex e-con-boxed e-con e-parent\" data-id=\"474eb57\" data-element_type=\"container\">\n\t\t\t\t\t<div class=\"e-con-inner\">\n\t\t<div class=\"elementor-element elementor-element-012c1b1 e-con-full e-flex e-con e-child\" data-id=\"012c1b1\" data-element_type=\"container\">\n\t\t\t\t<div class=\"elementor-element elementor-element-f9f2c29 elementor-widget elementor-widget-image\" data-id=\"f9f2c29\" data-element_type=\"widget\" data-widget_type=\"image.default\">\n\t\t\t\t<div class=\"elementor-widget-container\">\n\t\t\t\t\t\t\t\t\t\t\t\t\t\t\t<img loading=\"lazy\" decoding=\"async\" width=\"221\" height=\"300\" src=\"https:\/\/www.rozvozmedu.cz\/wp-content\/uploads\/2023\/12\/Cesky-med-2015-1-221x300.jpg\" class=\"attachment-medium size-medium wp-image-4626\" alt=\"\" srcset=\"https:\/\/www.rozvozmedu.cz\/wp-content\/uploads\/2023\/12\/Cesky-med-2015-1-221x300.jpg 221w, https:\/\/www.rozvozmedu.cz\/wp-content\/uploads\/2023\/12\/Cesky-med-2015-1-754x1024.jpg 754w, https:\/\/www.rozvozmedu.cz\/wp-content\/uploads\/2023\/12\/Cesky-med-2015-1-768x1042.jpg 768w, https:\/\/www.rozvozmedu.cz\/wp-content\/uploads\/2023\/12\/Cesky-med-2015-1-600x814.jpg 600w, https:\/\/www.rozvozmedu.cz\/wp-content\/uploads\/2023\/12\/Cesky-med-2015-1.jpg 943w\" sizes=\"(max-width: 221px) 100vw, 221px\" \/>\t\t\t\t\t\t\t\t\t\t\t\t\t\t\t<\/div>\n\t\t\t\t<\/div>\n\t\t\t\t<\/div>\n\t\t<div class=\"elementor-element elementor-element-fc3f217 e-con-full e-flex e-con e-child\" data-id=\"fc3f217\" data-element_type=\"container\">\n\t\t\t\t<div class=\"elementor-element elementor-element-1fd4288 elementor-widget elementor-widget-image\" data-id=\"1fd4288\" data-element_type=\"widget\" data-widget_type=\"image.default\">\n\t\t\t\t<div class=\"elementor-widget-container\">\n\t\t\t\t\t\t\t\t\t\t\t\t\t\t\t<img loading=\"lazy\" decoding=\"async\" width=\"400\" height=\"294\" src=\"https:\/\/www.rozvozmedu.cz\/wp-content\/uploads\/2023\/12\/Zlata-medaile-2015-1.jpg\" class=\"attachment-large size-large wp-image-4627\" alt=\"\" srcset=\"https:\/\/www.rozvozmedu.cz\/wp-content\/uploads\/2023\/12\/Zlata-medaile-2015-1.jpg 400w, https:\/\/www.rozvozmedu.cz\/wp-content\/uploads\/2023\/12\/Zlata-medaile-2015-1-300x221.jpg 300w\" sizes=\"(max-width: 400px) 100vw, 400px\" \/>\t\t\t\t\t\t\t\t\t\t\t\t\t\t\t<\/div>\n\t\t\t\t<\/div>\n\t\t\t\t<\/div>\n\t\t<div class=\"elementor-element elementor-element-5f9e3f4 e-con-full e-flex e-con e-child\" data-id=\"5f9e3f4\" data-element_type=\"container\">\n\t\t\t\t<div class=\"elementor-element elementor-element-bc93959 elementor-widget elementor-widget-image\" data-id=\"bc93959\" data-element_type=\"widget\" data-widget_type=\"image.default\">\n\t\t\t\t<div class=\"elementor-widget-container\">\n\t\t\t\t\t\t\t\t\t\t\t\t\t\t\t<img loading=\"lazy\" decoding=\"async\" width=\"1024\" height=\"576\" src=\"https:\/\/www.rozvozmedu.cz\/wp-content\/uploads\/2023\/12\/2017-08-18-17.50.33-rotated-e1703270415923-1024x576.jpg\" class=\"attachment-large size-large wp-image-4628\" alt=\"\" srcset=\"https:\/\/www.rozvozmedu.cz\/wp-content\/uploads\/2023\/12\/2017-08-18-17.50.33-rotated-e1703270415923-1024x576.jpg 1024w, https:\/\/www.rozvozmedu.cz\/wp-content\/uploads\/2023\/12\/2017-08-18-17.50.33-rotated-e1703270415923-300x169.jpg 300w, https:\/\/www.rozvozmedu.cz\/wp-content\/uploads\/2023\/12\/2017-08-18-17.50.33-rotated-e1703270415923-600x338.jpg 600w, https:\/\/www.rozvozmedu.cz\/wp-content\/uploads\/2023\/12\/2017-08-18-17.50.33-rotated-e1703270415923-768x432.jpg 768w, https:\/\/www.rozvozmedu.cz\/wp-content\/uploads\/2023\/12\/2017-08-18-17.50.33-rotated-e1703270415923.jpg 1280w\" sizes=\"(max-width: 1024px) 100vw, 1024px\" \/>\t\t\t\t\t\t\t\t\t\t\t\t\t\t\t<\/div>\n\t\t\t\t<\/div>\n\t\t\t\t<\/div>\n\t\t<div class=\"elementor-element elementor-element-a95ea21 e-con-full e-flex e-con e-child\" data-id=\"a95ea21\" data-element_type=\"container\">\n\t\t\t\t<div class=\"elementor-element elementor-element-9d83f66 elementor-widget elementor-widget-image\" data-id=\"9d83f66\" data-element_type=\"widget\" data-widget_type=\"image.default\">\n\t\t\t\t<div class=\"elementor-widget-container\">\n\t\t\t\t\t\t\t\t\t\t\t\t\t\t\t<img loading=\"lazy\" decoding=\"async\" width=\"1024\" height=\"739\" src=\"https:\/\/www.rozvozmedu.cz\/wp-content\/uploads\/2023\/12\/VVP-edit-20220503232646-1-1024x739.jpg\" class=\"attachment-large size-large wp-image-4629\" alt=\"\" srcset=\"https:\/\/www.rozvozmedu.cz\/wp-content\/uploads\/2023\/12\/VVP-edit-20220503232646-1-1024x739.jpg 1024w, https:\/\/www.rozvozmedu.cz\/wp-content\/uploads\/2023\/12\/VVP-edit-20220503232646-1-300x217.jpg 300w, https:\/\/www.rozvozmedu.cz\/wp-content\/uploads\/2023\/12\/VVP-edit-20220503232646-1-768x554.jpg 768w, https:\/\/www.rozvozmedu.cz\/wp-content\/uploads\/2023\/12\/VVP-edit-20220503232646-1-600x433.jpg 600w, https:\/\/www.rozvozmedu.cz\/wp-content\/uploads\/2023\/12\/VVP-edit-20220503232646-1.jpg 1280w\" sizes=\"(max-width: 1024px) 100vw, 1024px\" \/>\t\t\t\t\t\t\t\t\t\t\t\t\t\t\t<\/div>\n\t\t\t\t<\/div>\n\t\t\t\t<\/div>\n\t\t<div class=\"elementor-element elementor-element-bff4629 e-con-full e-flex e-con e-child\" data-id=\"bff4629\" data-element_type=\"container\">\n\t\t\t\t<div class=\"elementor-element elementor-element-916d54c elementor-widget elementor-widget-image\" data-id=\"916d54c\" data-element_type=\"widget\" data-widget_type=\"image.default\">\n\t\t\t\t<div class=\"elementor-widget-container\">\n\t\t\t\t\t\t\t\t\t\t\t\t\t\t\t<img loading=\"lazy\" decoding=\"async\" width=\"221\" height=\"300\" src=\"https:\/\/www.rozvozmedu.cz\/wp-content\/uploads\/2023\/12\/Osvedceni-Racionalizace-2015-221x300.jpg\" class=\"attachment-medium size-medium wp-image-4630\" alt=\"\" srcset=\"https:\/\/www.rozvozmedu.cz\/wp-content\/uploads\/2023\/12\/Osvedceni-Racionalizace-2015-221x300.jpg 221w, https:\/\/www.rozvozmedu.cz\/wp-content\/uploads\/2023\/12\/Osvedceni-Racionalizace-2015-754x1024.jpg 754w, https:\/\/www.rozvozmedu.cz\/wp-content\/uploads\/2023\/12\/Osvedceni-Racionalizace-2015-768x1042.jpg 768w, https:\/\/www.rozvozmedu.cz\/wp-content\/uploads\/2023\/12\/Osvedceni-Racionalizace-2015-600x814.jpg 600w, https:\/\/www.rozvozmedu.cz\/wp-content\/uploads\/2023\/12\/Osvedceni-Racionalizace-2015.jpg 943w\" sizes=\"(max-width: 221px) 100vw, 221px\" \/>\t\t\t\t\t\t\t\t\t\t\t\t\t\t\t<\/div>\n\t\t\t\t<\/div>\n\t\t\t\t<\/div>\n\t\t<div class=\"elementor-element elementor-element-d516918 e-con-full e-flex e-con e-child\" data-id=\"d516918\" data-element_type=\"container\">\n\t\t\t\t<div class=\"elementor-element elementor-element-42b8397 elementor-widget elementor-widget-image\" data-id=\"42b8397\" data-element_type=\"widget\" data-widget_type=\"image.default\">\n\t\t\t\t<div class=\"elementor-widget-container\">\n\t\t\t\t\t\t\t\t\t\t\t\t\t\t\t<img loading=\"lazy\" decoding=\"async\" width=\"1024\" height=\"702\" src=\"https:\/\/www.rozvozmedu.cz\/wp-content\/uploads\/2023\/12\/Vzorny-vcelar-1-1024x702.jpg\" class=\"attachment-large size-large wp-image-4631\" alt=\"\" srcset=\"https:\/\/www.rozvozmedu.cz\/wp-content\/uploads\/2023\/12\/Vzorny-vcelar-1-1024x702.jpg 1024w, https:\/\/www.rozvozmedu.cz\/wp-content\/uploads\/2023\/12\/Vzorny-vcelar-1-300x206.jpg 300w, https:\/\/www.rozvozmedu.cz\/wp-content\/uploads\/2023\/12\/Vzorny-vcelar-1-768x526.jpg 768w, https:\/\/www.rozvozmedu.cz\/wp-content\/uploads\/2023\/12\/Vzorny-vcelar-1-600x411.jpg 600w, https:\/\/www.rozvozmedu.cz\/wp-content\/uploads\/2023\/12\/Vzorny-vcelar-1.jpg 1280w\" sizes=\"(max-width: 1024px) 100vw, 1024px\" \/>\t\t\t\t\t\t\t\t\t\t\t\t\t\t\t<\/div>\n\t\t\t\t<\/div>\n\t\t\t\t<\/div>\n\t\t\t\t\t<\/div>\n\t\t\t\t<\/div>\n\t\t\t\t<\/div>\n\t\t","protected":false},"excerpt":{"rendered":"<p>O n\u00e1s Kdo jsme Rodinn\u00e9 v\u010dela\u0159stv\u00ed Najman se zam\u011b\u0159uje na produkci kvalitn\u00edho medu a propolisu z \u010desk\u00fdch kv\u011btin a rostlin. V\u010dely jsou chov\u00e1ny v pe\u010dliv\u011b navr\u017een\u00fdch v\u010delstvech s modern\u00edmi technologiemi a velkou p\u00e9\u010d\u00ed o jejich zdrav\u00ed. Produkty jsou sb\u00edr\u00e1ny ru\u010dn\u011b a zpracov\u00e1ny podle tradi\u010dn\u00edch metod, aby si udr\u017eely sv\u00e9 p\u0159\u00edrodn\u00ed vlastnosti. Krom\u011b medu a propolisu [&hellip;]<\/p>\n","protected":false},"author":1,"featured_media":0,"parent":0,"menu_order":0,"comment_status":"closed","ping_status":"closed","template":"","meta":{"site-sidebar-layout":"no-sidebar","site-content-layout":"page-builder","ast-site-content-layout":"","site-content-style":"default","site-sidebar-style":"default","ast-global-header-display":"","ast-banner-title-visibility":"","ast-main-header-display":"","ast-hfb-above-header-display":"","ast-hfb-below-header-display":"","ast-hfb-mobile-header-display":"","site-post-title":"disabled","ast-breadcrumbs-content":"","ast-featured-img":"disabled","footer-sml-layout":"","theme-transparent-header-meta":"enabled","adv-header-id-meta":"","stick-header-meta":"","header-above-stick-meta":"","header-main-stick-meta":"","header-below-stick-meta":"","astra-migrate-meta-layouts":"default","ast-page-background-enabled":"default","ast-page-background-meta":{"desktop":{"background-color":"","background-image":"","background-repeat":"repeat","background-position":"center center","background-size":"auto","background-attachment":"scroll","background-type":"","background-media":"","overlay-type":"","overlay-color":"","overlay-opacity":"","overlay-gradient":""},"tablet":{"background-color":"","background-image":"","background-repeat":"repeat","background-position":"center center","background-size":"auto","background-attachment":"scroll","background-type":"","background-media":"","overlay-type":"","overlay-color":"","overlay-opacity":"","overlay-gradient":""},"mobile":{"background-color":"","background-image":"","background-repeat":"repeat","background-position":"center center","background-size":"auto","background-attachment":"scroll","background-type":"","background-media":"","overlay-type":"","overlay-color":"","overlay-opacity":"","overlay-gradient":""}},"ast-content-background-meta":{"desktop":{"background-color":"var(--ast-global-color-5)","background-image":"","background-repeat":"repeat","background-position":"center center","background-size":"auto","background-attachment":"scroll","background-type":"","background-media":"","overlay-type":"","overlay-color":"","overlay-opacity":"","overlay-gradient":""},"tablet":{"background-color":"var(--ast-global-color-5)","background-image":"","background-repeat":"repeat","background-position":"center center","background-size":"auto","background-attachment":"scroll","background-type":"","background-media":"","overlay-type":"","overlay-color":"","overlay-opacity":"","overlay-gradient":""},"mobile":{"background-color":"var(--ast-global-color-5)","background-image":"","background-repeat":"repeat","background-position":"center center","background-size":"auto","background-attachment":"scroll","background-type":"","background-media":"","overlay-type":"","overlay-color":"","overlay-opacity":"","overlay-gradient":""}},"footnotes":""},"jetpack_sharing_enabled":true,"_links":{"self":[{"href":"https:\/\/www.rozvozmedu.cz\/index.php?rest_route=\/wp\/v2\/pages\/4398"}],"collection":[{"href":"https:\/\/www.rozvozmedu.cz\/index.php?rest_route=\/wp\/v2\/pages"}],"about":[{"href":"https:\/\/www.rozvozmedu.cz\/index.php?rest_route=\/wp\/v2\/types\/page"}],"author":[{"embeddable":true,"href":"https:\/\/www.rozvozmedu.cz\/index.php?rest_route=\/wp\/v2\/users\/1"}],"replies":[{"embeddable":true,"href":"https:\/\/www.rozvozmedu.cz\/index.php?rest_route=%2Fwp%2Fv2%2Fcomments&post=4398"}],"version-history":[{"count":31,"href":"https:\/\/www.rozvozmedu.cz\/index.php?rest_route=\/wp\/v2\/pages\/4398\/revisions"}],"predecessor-version":[{"id":4685,"href":"https:\/\/www.rozvozmedu.cz\/index.php?rest_route=\/wp\/v2\/pages\/4398\/revisions\/4685"}],"wp:attachment":[{"href":"https:\/\/www.rozvozmedu.cz\/index.php?rest_route=%2Fwp%2Fv2%2Fmedia&parent=4398"}],"curies":[{"name":"wp","href":"https:\/\/api.w.org\/{rel}","templated":true}]}}