{"id":278,"date":"2021-08-31T20:45:27","date_gmt":"2021-08-31T20:45:27","guid":{"rendered":"http:\/\/www.rozvozmedu.cz\/?post_type=product&#038;p=278"},"modified":"2024-07-09T15:46:10","modified_gmt":"2024-07-09T15:46:10","slug":"med-brdsky-lesni-tmavy","status":"publish","type":"product","link":"https:\/\/www.rozvozmedu.cz\/?product=med-brdsky-lesni-tmavy","title":{"rendered":"Brdsk\u00fd med &#8211; lesn\u00ed tmav\u00fd 950g"},"content":{"rendered":"","protected":false},"excerpt":{"rendered":"<p>Medovicov\u00e9 (lesn\u00ed) medy jsou tmav\u0161\u00ed barvy, charakteristi\u010dt\u00ed svou v\u016fn\u00ed a chut\u00ed. Vznikaj\u00ed tzv. z medovice, kterou produkuje stejnok\u0159\u00eddl\u00fd hmyz. \u00a0Barva medu ovlivn\u00ed m\u00edza ze stromu, kterou hmyz nas\u00e1v\u00e1. V CHKO Brdy jsou lesy smrkov\u00e9 a \u010d\u00e1ste\u010dn\u011b sm\u00ed\u0161en\u00e9, co\u017e p\u0159isp\u00edv\u00e1 k rozmanit\u011bj\u0161\u00ed chuti t\u011bchto med\u016f. Medovicov\u00fd med pat\u0159\u00ed mezi nejprod\u00e1van\u011bj\u0161\u00ed a nejobl\u00edben\u011bj\u0161\u00ed medy.<\/p>\n<p><strong>100% p\u0159\u00edrodn\u00ed produkt, z \u010dist\u00e9 p\u0159\u00edrody v chr\u00e1n\u011bn\u00e9 krajinn\u00e9 oblasti Brdy.<\/strong><\/p>\n","protected":false},"featured_media":280,"template":"","meta":{"site-sidebar-layout":"default","site-content-layout":"","ast-site-content-layout":"default","site-content-style":"default","site-sidebar-style":"default","ast-global-header-display":"","ast-banner-title-visibility":"","ast-main-header-display":"","ast-hfb-above-header-display":"","ast-hfb-below-header-display":"","ast-hfb-mobile-header-display":"","site-post-title":"","ast-breadcrumbs-content":"","ast-featured-img":"","footer-sml-layout":"","theme-transparent-header-meta":"default","adv-header-id-meta":"","stick-header-meta":"","header-above-stick-meta":"","header-main-stick-meta":"","header-below-stick-meta":"","astra-migrate-meta-layouts":"set","ast-page-background-enabled":"default","ast-page-background-meta":{"desktop":{"background-color":"","background-image":"","background-repeat":"repeat","background-position":"center center","background-size":"auto","background-attachment":"scroll","background-type":"","background-media":"","overlay-type":"","overlay-color":"","overlay-opacity":"","overlay-gradient":""},"tablet":{"background-color":"","background-image":"","background-repeat":"repeat","background-position":"center center","background-size":"auto","background-attachment":"scroll","background-type":"","background-media":"","overlay-type":"","overlay-color":"","overlay-opacity":"","overlay-gradient":""},"mobile":{"background-color":"","background-image":"","background-repeat":"repeat","background-position":"center center","background-size":"auto","background-attachment":"scroll","background-type":"","background-media":"","overlay-type":"","overlay-color":"","overlay-opacity":"","overlay-gradient":""}},"ast-content-background-meta":{"desktop":{"background-color":"var(--ast-global-color-5)","background-image":"","background-repeat":"repeat","background-position":"center center","background-size":"auto","background-attachment":"scroll","background-type":"","background-media":"","overlay-type":"","overlay-color":"","overlay-opacity":"","overlay-gradient":""},"tablet":{"background-color":"var(--ast-global-color-5)","background-image":"","background-repeat":"repeat","background-position":"center center","background-size":"auto","background-attachment":"scroll","background-type":"","background-media":"","overlay-type":"","overlay-color":"","overlay-opacity":"","overlay-gradient":""},"mobile":{"background-color":"var(--ast-global-color-5)","background-image":"","background-repeat":"repeat","background-position":"center center","background-size":"auto","background-attachment":"scroll","background-type":"","background-media":"","overlay-type":"","overlay-color":"","overlay-opacity":"","overlay-gradient":""}}},"product_cat":[51],"product_tag":[],"jetpack_sharing_enabled":true,"_links":{"self":[{"href":"https:\/\/www.rozvozmedu.cz\/index.php?rest_route=\/wp\/v2\/product\/278"}],"collection":[{"href":"https:\/\/www.rozvozmedu.cz\/index.php?rest_route=\/wp\/v2\/product"}],"about":[{"href":"https:\/\/www.rozvozmedu.cz\/index.php?rest_route=\/wp\/v2\/types\/product"}],"version-history":[{"count":3,"href":"https:\/\/www.rozvozmedu.cz\/index.php?rest_route=\/wp\/v2\/product\/278\/revisions"}],"predecessor-version":[{"id":4687,"href":"https:\/\/www.rozvozmedu.cz\/index.php?rest_route=\/wp\/v2\/product\/278\/revisions\/4687"}],"wp:featuredmedia":[{"embeddable":true,"href":"https:\/\/www.rozvozmedu.cz\/index.php?rest_route=\/wp\/v2\/media\/280"}],"wp:attachment":[{"href":"https:\/\/www.rozvozmedu.cz\/index.php?rest_route=%2Fwp%2Fv2%2Fmedia&parent=278"}],"wp:term":[{"taxonomy":"product_cat","embeddable":true,"href":"https:\/\/www.rozvozmedu.cz\/index.php?rest_route=%2Fwp%2Fv2%2Fproduct_cat&post=278"},{"taxonomy":"product_tag","embeddable":true,"href":"https:\/\/www.rozvozmedu.cz\/index.php?rest_route=%2Fwp%2Fv2%2Fproduct_tag&post=278"}],"curies":[{"name":"wp","href":"https:\/\/api.w.org\/{rel}","templated":true}]}}