{"id":4802,"date":"2025-03-02T18:24:18","date_gmt":"2025-03-02T18:24:18","guid":{"rendered":"https:\/\/www.rozvozmedu.cz\/?post_type=product&#038;p=4802"},"modified":"2026-01-03T11:30:47","modified_gmt":"2026-01-03T11:30:47","slug":"propolisova-mast-bio-30g","status":"publish","type":"product","link":"https:\/\/www.rozvozmedu.cz\/?product=propolisova-mast-bio-30g","title":{"rendered":"Propolisov\u00e1 mast BIO 30g"},"content":{"rendered":"","protected":false},"excerpt":{"rendered":"<p><strong>Slo\u017een\u00ed:<\/strong> 75%\u00a0<span style=\"font-size: 16px; font-style: normal; font-weight: 400;\">BIO <\/span><span style=\"font-size: 16px;\">B<\/span><span style=\"font-size: 16px;\">ambuck\u00e9\u00a0 m\u00e1slo<\/span><span style=\"font-size: 16px;\">, 25% v\u010del\u00edho propolisu<\/span><\/p>\n<ul>\n<li>Regenera\u010dn\u00ed p\u0159\u00edrodn\u00ed mast ur\u010den\u00e1 k o\u0161et\u0159en\u00ed poko\u017eky<\/li>\n<li>Velmi dob\u0159e se hod\u00ed tak\u00e9 k p\u00e9\u010di o poko\u017eku p\u0159i sp\u00e1lenin\u00e1ch a \u0161t\u00edpnut\u00ed hmyzem<\/li>\n<li>Mast se pou\u017e\u00edv\u00e1 na hnisav\u00e9 r\u00e1ny nebo na hojen\u00ed \u0159ezn\u00fdch a bodn\u00fdch ran<\/li>\n<li>Mast hoj\u00ed tak\u00e9 \u010derstv\u00e9 jizvy, je vhodn\u00e1 na ekz\u00e9my, hnisav\u00e9 v\u0159edy, pl\u00edsn\u011b, opruzeniny, akn\u00e9<\/li>\n<li class=\"c_bH\"><span class=\"c_eG\"><span class=\"c_u\">mastn\u00e9 kyseliny<\/span>\u00a0&#8211; linolovou, palmitovou, stearovou, kter\u00e9 vyva\u017euj\u00ed poko\u017eku<\/span><\/li>\n<li class=\"c_bH\"><span class=\"c_eG\"><span class=\"c_u\">vitaminy A, E a F<\/span>\u00a0&#8211; antioxidanty, kter\u00e9 podporuj\u00ed krevn\u00ed ob\u011bh a zdrav\u00fd r\u016fst ko\u017en\u00edch bun\u011bk<\/span><\/li>\n<li class=\"c_bH\"><span class=\"c_eG\"><span class=\"c_u\">triglyceridy<\/span>\u00a0&#8211; vy\u017eivuj\u00ed a pe\u010duj\u00ed o poko\u017eku<\/span><\/li>\n<li class=\"c_bH\"><span class=\"c_eG\"><span class=\"c_u\">cetylestery<\/span>\u00a0&#8211; vosky, kter\u00e9 pe\u010duj\u00ed o poko\u017eku a uzamykaj\u00ed v n\u00ed vlhkost<\/span><\/li>\n<\/ul>\n<p><strong>Upozorn\u011bn\u00ed:<\/strong> Nevhodn\u00e9 pro osoby s\u00a0alergi\u00ed na v\u010del\u00ed produkty.<\/p>\n<p>&nbsp;<\/p>\n","protected":false},"featured_media":4837,"template":"","meta":{"site-sidebar-layout":"default","site-content-layout":"","ast-site-content-layout":"default","site-content-style":"default","site-sidebar-style":"default","ast-global-header-display":"","ast-banner-title-visibility":"","ast-main-header-display":"","ast-hfb-above-header-display":"","ast-hfb-below-header-display":"","ast-hfb-mobile-header-display":"","site-post-title":"","ast-breadcrumbs-content":"","ast-featured-img":"","footer-sml-layout":"","theme-transparent-header-meta":"default","adv-header-id-meta":"","stick-header-meta":"","header-above-stick-meta":"","header-main-stick-meta":"","header-below-stick-meta":"","astra-migrate-meta-layouts":"set","ast-page-background-enabled":"default","ast-page-background-meta":{"desktop":{"background-color":"","background-image":"","background-repeat":"repeat","background-position":"center center","background-size":"auto","background-attachment":"scroll","background-type":"","background-media":"","overlay-type":"","overlay-color":"","overlay-opacity":"","overlay-gradient":""},"tablet":{"background-color":"","background-image":"","background-repeat":"repeat","background-position":"center center","background-size":"auto","background-attachment":"scroll","background-type":"","background-media":"","overlay-type":"","overlay-color":"","overlay-opacity":"","overlay-gradient":""},"mobile":{"background-color":"","background-image":"","background-repeat":"repeat","background-position":"center center","background-size":"auto","background-attachment":"scroll","background-type":"","background-media":"","overlay-type":"","overlay-color":"","overlay-opacity":"","overlay-gradient":""}},"ast-content-background-meta":{"desktop":{"background-color":"var(--ast-global-color-5)","background-image":"","background-repeat":"repeat","background-position":"center center","background-size":"auto","background-attachment":"scroll","background-type":"","background-media":"","overlay-type":"","overlay-color":"","overlay-opacity":"","overlay-gradient":""},"tablet":{"background-color":"var(--ast-global-color-5)","background-image":"","background-repeat":"repeat","background-position":"center center","background-size":"auto","background-attachment":"scroll","background-type":"","background-media":"","overlay-type":"","overlay-color":"","overlay-opacity":"","overlay-gradient":""},"mobile":{"background-color":"var(--ast-global-color-5)","background-image":"","background-repeat":"repeat","background-position":"center center","background-size":"auto","background-attachment":"scroll","background-type":"","background-media":"","overlay-type":"","overlay-color":"","overlay-opacity":"","overlay-gradient":""}}},"product_cat":[15],"product_tag":[],"jetpack_sharing_enabled":true,"_links":{"self":[{"href":"https:\/\/www.rozvozmedu.cz\/index.php?rest_route=\/wp\/v2\/product\/4802"}],"collection":[{"href":"https:\/\/www.rozvozmedu.cz\/index.php?rest_route=\/wp\/v2\/product"}],"about":[{"href":"https:\/\/www.rozvozmedu.cz\/index.php?rest_route=\/wp\/v2\/types\/product"}],"version-history":[{"count":2,"href":"https:\/\/www.rozvozmedu.cz\/index.php?rest_route=\/wp\/v2\/product\/4802\/revisions"}],"predecessor-version":[{"id":4907,"href":"https:\/\/www.rozvozmedu.cz\/index.php?rest_route=\/wp\/v2\/product\/4802\/revisions\/4907"}],"wp:featuredmedia":[{"embeddable":true,"href":"https:\/\/www.rozvozmedu.cz\/index.php?rest_route=\/wp\/v2\/media\/4837"}],"wp:attachment":[{"href":"https:\/\/www.rozvozmedu.cz\/index.php?rest_route=%2Fwp%2Fv2%2Fmedia&parent=4802"}],"wp:term":[{"taxonomy":"product_cat","embeddable":true,"href":"https:\/\/www.rozvozmedu.cz\/index.php?rest_route=%2Fwp%2Fv2%2Fproduct_cat&post=4802"},{"taxonomy":"product_tag","embeddable":true,"href":"https:\/\/www.rozvozmedu.cz\/index.php?rest_route=%2Fwp%2Fv2%2Fproduct_tag&post=4802"}],"curies":[{"name":"wp","href":"https:\/\/api.w.org\/{rel}","templated":true}]}}