{"id":4932,"date":"2026-01-18T19:44:56","date_gmt":"2026-01-18T19:44:56","guid":{"rendered":"https:\/\/www.rozvozmedu.cz\/?post_type=product&#038;p=4932"},"modified":"2026-01-22T15:26:08","modified_gmt":"2026-01-22T15:26:08","slug":"hostivicka-medovina-horka-05l","status":"publish","type":"product","link":"https:\/\/www.rozvozmedu.cz\/?product=hostivicka-medovina-horka-05l","title":{"rendered":"Hostivick\u00e1 medovina &#8211; ho\u0159k\u00e1 0,5l"},"content":{"rendered":"","protected":false},"excerpt":{"rendered":"<p>Hostivick\u00e1 medovina z rodinn\u00e9ho v\u010dela\u0159stv\u00ed Najman<\/p>\n<ul>\n<li>ochutnejte lahodnou medovinu tepeln\u011b zpracovanou p\u0159\u00edrodn\u00ed cestou<\/li>\n<li>sv\u011bt pln\u00fd nektaru a slunce. Do ka\u017ed\u00e9 kapky se prom\u00edt\u00e1 \u017eivotn\u00ed s\u00edla a z\u00e1zra\u010dn\u00e1 moc p\u0159\u00edrody z pramen\u016f tis\u00edcilet\u00fdch tradic<\/li>\n<\/ul>\n<p>&nbsp;<\/p>\n<p>Pouze osobn\u00ed odb\u011br, nebo po dohod\u011b.<\/p>\n","protected":false},"featured_media":4943,"template":"","meta":{"site-sidebar-layout":"no-sidebar","site-content-layout":"page-builder","ast-site-content-layout":"full-width-container","site-content-style":"default","site-sidebar-style":"default","ast-global-header-display":"","ast-banner-title-visibility":"","ast-main-header-display":"","ast-hfb-above-header-display":"","ast-hfb-below-header-display":"","ast-hfb-mobile-header-display":"","site-post-title":"disabled","ast-breadcrumbs-content":"","ast-featured-img":"disabled","footer-sml-layout":"","theme-transparent-header-meta":"default","adv-header-id-meta":"","stick-header-meta":"","header-above-stick-meta":"","header-main-stick-meta":"","header-below-stick-meta":"","astra-migrate-meta-layouts":"set","ast-page-background-enabled":"default","ast-page-background-meta":{"desktop":{"background-color":"","background-image":"","background-repeat":"repeat","background-position":"center center","background-size":"auto","background-attachment":"scroll","background-type":"","background-media":"","overlay-type":"","overlay-color":"","overlay-opacity":"","overlay-gradient":""},"tablet":{"background-color":"","background-image":"","background-repeat":"repeat","background-position":"center center","background-size":"auto","background-attachment":"scroll","background-type":"","background-media":"","overlay-type":"","overlay-color":"","overlay-opacity":"","overlay-gradient":""},"mobile":{"background-color":"","background-image":"","background-repeat":"repeat","background-position":"center center","background-size":"auto","background-attachment":"scroll","background-type":"","background-media":"","overlay-type":"","overlay-color":"","overlay-opacity":"","overlay-gradient":""}},"ast-content-background-meta":{"desktop":{"background-color":"var(--ast-global-color-5)","background-image":"","background-repeat":"repeat","background-position":"center center","background-size":"auto","background-attachment":"scroll","background-type":"","background-media":"","overlay-type":"","overlay-color":"","overlay-opacity":"","overlay-gradient":""},"tablet":{"background-color":"var(--ast-global-color-5)","background-image":"","background-repeat":"repeat","background-position":"center center","background-size":"auto","background-attachment":"scroll","background-type":"","background-media":"","overlay-type":"","overlay-color":"","overlay-opacity":"","overlay-gradient":""},"mobile":{"background-color":"var(--ast-global-color-5)","background-image":"","background-repeat":"repeat","background-position":"center center","background-size":"auto","background-attachment":"scroll","background-type":"","background-media":"","overlay-type":"","overlay-color":"","overlay-opacity":"","overlay-gradient":""}}},"product_cat":[15],"product_tag":[],"jetpack_sharing_enabled":true,"_links":{"self":[{"href":"https:\/\/www.rozvozmedu.cz\/index.php?rest_route=\/wp\/v2\/product\/4932"}],"collection":[{"href":"https:\/\/www.rozvozmedu.cz\/index.php?rest_route=\/wp\/v2\/product"}],"about":[{"href":"https:\/\/www.rozvozmedu.cz\/index.php?rest_route=\/wp\/v2\/types\/product"}],"version-history":[{"count":4,"href":"https:\/\/www.rozvozmedu.cz\/index.php?rest_route=\/wp\/v2\/product\/4932\/revisions"}],"predecessor-version":[{"id":4958,"href":"https:\/\/www.rozvozmedu.cz\/index.php?rest_route=\/wp\/v2\/product\/4932\/revisions\/4958"}],"wp:featuredmedia":[{"embeddable":true,"href":"https:\/\/www.rozvozmedu.cz\/index.php?rest_route=\/wp\/v2\/media\/4943"}],"wp:attachment":[{"href":"https:\/\/www.rozvozmedu.cz\/index.php?rest_route=%2Fwp%2Fv2%2Fmedia&parent=4932"}],"wp:term":[{"taxonomy":"product_cat","embeddable":true,"href":"https:\/\/www.rozvozmedu.cz\/index.php?rest_route=%2Fwp%2Fv2%2Fproduct_cat&post=4932"},{"taxonomy":"product_tag","embeddable":true,"href":"https:\/\/www.rozvozmedu.cz\/index.php?rest_route=%2Fwp%2Fv2%2Fproduct_tag&post=4932"}],"curies":[{"name":"wp","href":"https:\/\/api.w.org\/{rel}","templated":true}]}}